{"id":12,"date":"2020-07-05T19:11:01","date_gmt":"2020-07-05T19:11:01","guid":{"rendered":"https:\/\/compuplaceservice.com\/?page_id=12"},"modified":"2020-07-12T04:31:51","modified_gmt":"2020-07-12T04:31:51","slug":"el-nuevo-umoma-abre-sus-puertas-2","status":"publish","type":"page","link":"https:\/\/compuplaceservice.com\/","title":{"rendered":"Compu Place Service"},"content":{"rendered":"\n<div class=\"wp-block-group alignwide\"><div class=\"wp-block-group__inner-container is-layout-flow\">\n<h3 class=\"has-text-align-center wp-block-heading\">La soluci\u00f3n en tecnolog\u00eda para tu Empresa<\/h3>\n<\/div><\/div>\n\n\n\n<div class=\"wp-block-columns alignwide is-layout-flex wp-container-8\">\n<div class=\"wp-block-column is-layout-flow\">\n<div class=\"wp-block-group\"><div class=\"wp-block-group__inner-container is-layout-flow\">\n<figure class=\"wp-block-image alignfull size-large is-style-default\"><img decoding=\"async\" loading=\"lazy\" width=\"1024\" height=\"768\" src=\"https:\/\/compuplaceservice.com\/wp-content\/uploads\/2020\/07\/CPS-Promo-1.png\" alt=\"\" class=\"wp-image-41\" srcset=\"https:\/\/compuplaceservice.com\/wp-content\/uploads\/2020\/07\/CPS-Promo-1.png 1024w, https:\/\/compuplaceservice.com\/wp-content\/uploads\/2020\/07\/CPS-Promo-1-300x225.png 300w, https:\/\/compuplaceservice.com\/wp-content\/uploads\/2020\/07\/CPS-Promo-1-768x576.png 768w\" sizes=\"(max-width: 1024px) 100vw, 1024px\" \/><\/figure>\n\n\n\n<p><strong>LA MEJOR SOLUCI\u00d3N GRATUITA DEL MERCADO&#8230;. INCRE\u00cdBLE<\/strong><\/p>\n\n\n\n<div class=\"wp-block-button is-style-outline\"><a class=\"wp-block-button__link\" href=\"https:\/\/make.wordpress.org\/core\/2019\/09\/27\/block-editor-theme-related-updates-in-wordpress-5-3\/\">Leer m\u00e1s<\/a><\/div>\n<\/div><\/div>\n\n\n\n<div class=\"wp-block-group\"><div class=\"wp-block-group__inner-container is-layout-flow\">\n<figure class=\"wp-block-embed-youtube wp-block-embed is-type-video is-provider-youtube wp-embed-aspect-16-9 wp-has-aspect-ratio\"><div class=\"wp-block-embed__wrapper\">\n<iframe loading=\"lazy\" title=\"Introducing Active Backup Suite\" width=\"640\" height=\"360\" src=\"https:\/\/www.youtube.com\/embed\/2TxJpWmhEV8?start=161&#038;feature=oembed\" frameborder=\"0\" allow=\"accelerometer; autoplay; clipboard-write; encrypted-media; gyroscope; picture-in-picture\" allowfullscreen><\/iframe>\n<\/div><\/figure>\n\n\n\n<h3 class=\"wp-block-heading\">SEGURIDAD EN TUS DATOS<\/h3>\n\n\n\n<p>Proteger la informaci\u00f3n es lo mas importante para todos<\/p>\n\n\n\n<div class=\"wp-block-button is-style-outline\"><a class=\"wp-block-button__link\" href=\"https:\/\/make.wordpress.org\/core\/2019\/09\/27\/block-editor-theme-related-updates-in-wordpress-5-3\/\">Leer m\u00e1s<\/a><\/div>\n<\/div><\/div>\n<\/div>\n\n\n\n<div class=\"wp-block-column is-layout-flow\">\n<div class=\"wp-block-group\"><div class=\"wp-block-group__inner-container is-layout-flow\">\n<p style=\"background-color:#54b4bd;color:#44260a\" class=\"has-text-color has-background has-text-align-center has-larger-font-size\"><strong>SOLUCIONES SYNOLOGY<\/strong><\/p>\n\n\n\n<figure class=\"wp-block-image size-large\"><img decoding=\"async\" loading=\"lazy\" width=\"1024\" height=\"229\" src=\"https:\/\/compuplaceservice.com\/wp-content\/uploads\/2020\/07\/heading-1-1024x229.png\" alt=\"\" class=\"wp-image-46\" srcset=\"https:\/\/compuplaceservice.com\/wp-content\/uploads\/2020\/07\/heading-1-1024x229.png 1024w, https:\/\/compuplaceservice.com\/wp-content\/uploads\/2020\/07\/heading-1-300x67.png 300w, https:\/\/compuplaceservice.com\/wp-content\/uploads\/2020\/07\/heading-1-768x171.png 768w, https:\/\/compuplaceservice.com\/wp-content\/uploads\/2020\/07\/heading-1.png 1030w\" sizes=\"(max-width: 1024px) 100vw, 1024px\" \/><figcaption>LA MEJOR SOLUCIONA DE ALMACENAMIENTO PARA TU EMPRESA<\/figcaption><\/figure>\n\n\n\n<div class=\"wp-block-button is-style-outline\"><a class=\"wp-block-button__link\" href=\"https:\/\/make.wordpress.org\/core\/2019\/09\/27\/block-editor-theme-related-updates-in-wordpress-5-3\/\">Leer m\u00e1s<\/a><\/div>\n<\/div><\/div>\n\n\n\n<div class=\"wp-block-group\"><div class=\"wp-block-group__inner-container is-layout-flow\">\n<figure class=\"wp-block-image alignfull size-large\"><img decoding=\"async\" loading=\"lazy\" width=\"230\" height=\"219\" src=\"https:\/\/compuplaceservice.com\/wp-content\/uploads\/2020\/07\/eset1.jpg\" alt=\"\" class=\"wp-image-51\"\/><figcaption>Te apoyamos con la soluci\u00f3n completa de protecci\u00f3n en soluciones antivirus <\/figcaption><\/figure>\n\n\n\n<h3 class=\"wp-block-heading\">QUIERES UN DEMO EN TU EMPRESA&#8230;.<\/h3>\n\n\n\n<p>Escr\u00edbenos y coordinamos una cita personalizada<\/p>\n\n\n\n<div class=\"wp-block-button is-style-outline\"><a class=\"wp-block-button__link\" href=\"https:\/\/make.wordpress.org\/core\/2019\/09\/27\/block-editor-theme-related-updates-in-wordpress-5-3\/\">Leer m\u00e1s<\/a><\/div>\n<\/div><\/div>\n<\/div>\n<\/div>\n\n\n\n<figure class=\"wp-block-image alignfull size-full\"><img decoding=\"async\" src=\"https:\/\/compuplaceservice.com\/wp-content\/themes\/twentytwenty\/assets\/images\/2020-landscape-2.png\" alt=\"\" class=\"wp-image-37\"\/><\/figure>\n\n\n\n<div class=\"wp-block-group alignwide\"><div class=\"wp-block-group__inner-container is-layout-flow\">\n<h2 class=\"has-accent-color has-text-color has-text-align-center wp-block-heading\">\u00a120 TB! El disco duro con m\u00e1s almacenamiento del mundo es de Western Digital<\/h2>\n<\/div><\/div>\n\n\n\n<ul><li>Western Digital ha dado otro salto en la capacidad de almacenamiento.<\/li><li><a href=\"https:\/\/www.elespanol.com\/omicrono\/20190903\/llegan-discos-duros-tb-toshiba-presenta\/426457698_0.html\">El anterior disco duro m\u00e1s grande era de 16 TB.<\/a><\/li><li><a href=\"https:\/\/www.elespanol.com\/omicrono\/tecnologia\/20180321\/seagate-presenta-primer-disco-duro-tb\/293722323_0.html\">Usa la tecnolog\u00eda SMR, que ya vimos en discos de Seagate.<\/a><\/li><\/ul>\n\n\n\n<p><\/p>\n\n\n\n<div class=\"wp-block-group alignwide has-background\" style=\"background-color:#ffffff\"><div class=\"wp-block-group__inner-container is-layout-flow\">\n<div class=\"wp-block-group\"><div class=\"wp-block-group__inner-container is-layout-flow\">\n<h2 class=\"has-text-align-center wp-block-heading\">\u00a1Pronto nuevas novedades tecnol\u00f3gicas!<\/h2>\n\n\n\n<p class=\"has-text-align-center\">Que nos espera despu\u00e9s de la Pandemia&#8230;&#8230;<\/p>\n\n\n\n<div class=\"wp-block-button aligncenter\"><a class=\"wp-block-button__link\" href=\"https:\/\/make.wordpress.org\/core\/2019\/09\/27\/block-editor-theme-related-updates-in-wordpress-5-3\/\">\u00danete al club<\/a><\/div>\n<\/div><\/div>\n<\/div><\/div>\n\n\n\n<figure class=\"wp-block-gallery alignwide columns-2 is-cropped wp-block-gallery-12 is-layout-flex\"><ul class=\"blocks-gallery-grid\"><li class=\"blocks-gallery-item\"><figure><img decoding=\"async\" src=\"https:\/\/compuplaceservice.com\/wp-content\/themes\/twentytwenty\/assets\/images\/2020-square-2.png\" alt=\"\" data-id=\"39\" data-full-url=\"https:\/\/compuplaceservice.com\/wp-content\/themes\/twentytwenty\/assets\/images\/2020-square-2.png\" data-link=\"assets\/images\/2020-square-2\/\" class=\"wp-image-39\"\/><\/figure><\/li><li class=\"blocks-gallery-item\"><figure><img decoding=\"async\" src=\"https:\/\/compuplaceservice.com\/wp-content\/themes\/twentytwenty\/assets\/images\/2020-square-1.png\" alt=\"\" data-id=\"38\" data-full-url=\"https:\/\/compuplaceservice.com\/wp-content\/themes\/twentytwenty\/assets\/images\/2020-square-1.png\" data-link=\"https:\/\/compuplaceservice.com\/wp-content\/themes\/twentytwenty\/assets\/images\/2020-square-1\/\" class=\"wp-image-38\"\/><\/figure><\/li><\/ul><\/figure>\n","protected":false},"excerpt":{"rendered":"<p>La soluci\u00f3n en tecnolog\u00eda para tu Empresa LA MEJOR SOLUCI\u00d3N GRATUITA DEL MERCADO&#8230;. INCRE\u00cdBLE SEGURIDAD EN TUS DATOS Proteger la informaci\u00f3n es lo mas importante para todos SOLUCIONES SYNOLOGY QUIERES UN DEMO EN TU EMPRESA&#8230;. Escr\u00edbenos y coordinamos una cita personalizada \u00a120 TB! El disco duro con m\u00e1s almacenamiento del mundo es de Western Digital &hellip; <\/p>\n<p class=\"link-more\"><a href=\"https:\/\/compuplaceservice.com\/\" class=\"more-link\">Seguir leyendo<span class=\"screen-reader-text\"> \u00abCompu Place Service\u00bb<\/span><\/a><\/p>\n","protected":false},"author":1,"featured_media":0,"parent":0,"menu_order":0,"comment_status":"closed","ping_status":"closed","template":"","meta":[],"_links":{"self":[{"href":"https:\/\/compuplaceservice.com\/index.php\/wp-json\/wp\/v2\/pages\/12"}],"collection":[{"href":"https:\/\/compuplaceservice.com\/index.php\/wp-json\/wp\/v2\/pages"}],"about":[{"href":"https:\/\/compuplaceservice.com\/index.php\/wp-json\/wp\/v2\/types\/page"}],"author":[{"embeddable":true,"href":"https:\/\/compuplaceservice.com\/index.php\/wp-json\/wp\/v2\/users\/1"}],"replies":[{"embeddable":true,"href":"https:\/\/compuplaceservice.com\/index.php\/wp-json\/wp\/v2\/comments?post=12"}],"version-history":[{"count":7,"href":"https:\/\/compuplaceservice.com\/index.php\/wp-json\/wp\/v2\/pages\/12\/revisions"}],"predecessor-version":[{"id":65,"href":"https:\/\/compuplaceservice.com\/index.php\/wp-json\/wp\/v2\/pages\/12\/revisions\/65"}],"wp:attachment":[{"href":"https:\/\/compuplaceservice.com\/index.php\/wp-json\/wp\/v2\/media?parent=12"}],"curies":[{"name":"wp","href":"https:\/\/api.w.org\/{rel}","templated":true}]}}